{"id":24,"date":"2021-02-09T10:05:07","date_gmt":"2021-02-09T09:05:07","guid":{"rendered":"https:\/\/ondaflex.ceformedsrl.it\/?page_id=24"},"modified":"2024-10-18T16:27:30","modified_gmt":"2024-10-18T14:27:30","slug":"scheda-progetto","status":"publish","type":"page","link":"https:\/\/ondaflexproject.it\/en\/scheda-progetto\/","title":{"rendered":"Scheda progetto"},"content":{"rendered":"<div data-elementor-type=\"wp-page\" data-elementor-id=\"24\" class=\"elementor elementor-24\">\n\t\t\t\t\t\t<section class=\"elementor-section elementor-top-section elementor-element elementor-element-181f7c9 elementor-section-height-min-height elementor-section-boxed elementor-section-height-default elementor-section-items-middle\" data-id=\"181f7c9\" data-element_type=\"section\" data-e-type=\"section\" data-settings=\"{&quot;background_background&quot;:&quot;classic&quot;}\">\n\t\t\t\t\t\t\t<div class=\"elementor-background-overlay\"><\/div>\n\t\t\t\t\t\t\t<div class=\"elementor-container elementor-column-gap-default\">\n\t\t\t\t\t<div class=\"elementor-column elementor-col-100 elementor-top-column elementor-element elementor-element-880c63c\" data-id=\"880c63c\" data-element_type=\"column\" data-e-type=\"column\">\n\t\t\t<div class=\"elementor-widget-wrap elementor-element-populated\">\n\t\t\t\t\t\t<div class=\"elementor-element elementor-element-1da7e11 elementor-invisible elementor-widget elementor-widget-heading\" data-id=\"1da7e11\" data-element_type=\"widget\" data-e-type=\"widget\" data-settings=\"{&quot;_animation&quot;:&quot;fadeIn&quot;,&quot;_animation_delay&quot;:1500}\" data-widget_type=\"heading.default\">\n\t\t\t\t<div class=\"elementor-widget-container\">\n\t\t\t\t\t<h1 class=\"elementor-heading-title elementor-size-default\">Ondaflex<\/h1>\t\t\t\t<\/div>\n\t\t\t\t<\/div>\n\t\t\t\t<div class=\"elementor-element elementor-element-bdec945 elementor-invisible elementor-widget elementor-widget-text-editor\" data-id=\"bdec945\" data-element_type=\"widget\" data-e-type=\"widget\" data-settings=\"{&quot;_animation&quot;:&quot;fadeInDown&quot;,&quot;_animation_delay&quot;:1500}\" data-widget_type=\"text-editor.default\">\n\t\t\t\t<div class=\"elementor-widget-container\">\n\t\t\t\t\t\t\t\t\t<p>Generatore da moto ondoso per alimentare gli utilizzatori elettrici a bordo di un peschereccio<\/p>\t\t\t\t\t\t\t\t<\/div>\n\t\t\t\t<\/div>\n\t\t\t\t<section class=\"elementor-section elementor-inner-section elementor-element elementor-element-7db50db elementor-section-boxed elementor-section-height-default elementor-section-height-default\" data-id=\"7db50db\" data-element_type=\"section\" data-e-type=\"section\">\n\t\t\t\t\t\t<div class=\"elementor-container elementor-column-gap-default\">\n\t\t\t\t\t<div class=\"elementor-column elementor-col-100 elementor-inner-column elementor-element elementor-element-bc245af\" data-id=\"bc245af\" data-element_type=\"column\" data-e-type=\"column\">\n\t\t\t<div class=\"elementor-widget-wrap elementor-element-populated\">\n\t\t\t\t\t\t<div class=\"elementor-element elementor-element-c39b1e0 elementor-align-center elementor-mobile-align-justify elementor-invisible elementor-widget elementor-widget-button\" data-id=\"c39b1e0\" data-element_type=\"widget\" data-e-type=\"widget\" data-settings=\"{&quot;_animation&quot;:&quot;fadeInUp&quot;,&quot;_animation_delay&quot;:1500}\" data-widget_type=\"button.default\">\n\t\t\t\t<div class=\"elementor-widget-container\">\n\t\t\t\t\t\t\t\t\t<div class=\"elementor-button-wrapper\">\n\t\t\t\t\t<a class=\"elementor-button elementor-button-link elementor-size-lg\" href=\"https:\/\/ondaflexproject.it\/en\/scheda-progetto\/\">\n\t\t\t\t\t\t<span class=\"elementor-button-content-wrapper\">\n\t\t\t\t\t\t\t\t\t<span class=\"elementor-button-text\">Vedi di pi\u00f9<\/span>\n\t\t\t\t\t<\/span>\n\t\t\t\t\t<\/a>\n\t\t\t\t<\/div>\n\t\t\t\t\t\t\t\t<\/div>\n\t\t\t\t<\/div>\n\t\t\t\t\t<\/div>\n\t\t<\/div>\n\t\t\t\t\t<\/div>\n\t\t<\/section>\n\t\t\t\t\t<\/div>\n\t\t<\/div>\n\t\t\t\t\t<\/div>\n\t\t<\/section>\n\t\t\t\t<section class=\"elementor-section elementor-top-section elementor-element elementor-element-a8c99e7 elementor-section-boxed elementor-section-height-default elementor-section-height-default\" data-id=\"a8c99e7\" data-element_type=\"section\" data-e-type=\"section\">\n\t\t\t\t\t\t<div class=\"elementor-container elementor-column-gap-default\">\n\t\t\t\t\t<div class=\"elementor-column elementor-col-100 elementor-top-column elementor-element elementor-element-3ead838\" data-id=\"3ead838\" data-element_type=\"column\" data-e-type=\"column\">\n\t\t\t<div class=\"elementor-widget-wrap elementor-element-populated\">\n\t\t\t\t\t\t<div class=\"elementor-element elementor-element-b82b545 elementor-invisible elementor-widget elementor-widget-heading\" data-id=\"b82b545\" data-element_type=\"widget\" data-e-type=\"widget\" data-settings=\"{&quot;_animation&quot;:&quot;fadeIn&quot;}\" data-widget_type=\"heading.default\">\n\t\t\t\t<div class=\"elementor-widget-container\">\n\t\t\t\t\t<h2 class=\"elementor-heading-title elementor-size-default\">Scheda progetto<\/h2>\t\t\t\t<\/div>\n\t\t\t\t<\/div>\n\t\t\t\t<div class=\"elementor-element elementor-element-7ff625f elementor-invisible elementor-widget elementor-widget-text-editor\" data-id=\"7ff625f\" data-element_type=\"widget\" data-e-type=\"widget\" data-settings=\"{&quot;_animation&quot;:&quot;fadeInUp&quot;}\" data-widget_type=\"text-editor.default\">\n\t\t\t\t<div class=\"elementor-widget-container\">\n\t\t\t\t\t\t\t\t\t<p>Tutto ci\u00f2 che c&#8217;\u00e8 da sapere sul progetto<\/p>\t\t\t\t\t\t\t\t<\/div>\n\t\t\t\t<\/div>\n\t\t\t\t\t<\/div>\n\t\t<\/div>\n\t\t\t\t\t<\/div>\n\t\t<\/section>\n\t\t\t\t<section class=\"elementor-section elementor-top-section elementor-element elementor-element-9835a6d elementor-section-boxed elementor-section-height-default elementor-section-height-default elementor-invisible\" data-id=\"9835a6d\" data-element_type=\"section\" data-e-type=\"section\" data-settings=\"{&quot;animation&quot;:&quot;fadeIn&quot;}\">\n\t\t\t\t\t\t<div class=\"elementor-container elementor-column-gap-default\">\n\t\t\t\t\t<div class=\"elementor-column elementor-col-100 elementor-top-column elementor-element elementor-element-989b88d\" data-id=\"989b88d\" data-element_type=\"column\" data-e-type=\"column\">\n\t\t\t<div class=\"elementor-widget-wrap elementor-element-populated\">\n\t\t\t\t\t\t\t<\/div>\n\t\t<\/div>\n\t\t\t\t\t<\/div>\n\t\t<\/section>\n\t\t\t\t<section class=\"elementor-section elementor-top-section elementor-element elementor-element-0a4c301 elementor-section-boxed elementor-section-height-default elementor-section-height-default\" data-id=\"0a4c301\" data-element_type=\"section\" data-e-type=\"section\">\n\t\t\t\t\t\t<div class=\"elementor-container elementor-column-gap-default\">\n\t\t\t\t\t<div class=\"elementor-column elementor-col-100 elementor-top-column elementor-element elementor-element-afb8e45\" data-id=\"afb8e45\" data-element_type=\"column\" data-e-type=\"column\">\n\t\t\t<div class=\"elementor-widget-wrap elementor-element-populated\">\n\t\t\t\t\t\t<div class=\"elementor-element elementor-element-53cb4fe elementor-invisible elementor-widget elementor-widget-image\" data-id=\"53cb4fe\" data-element_type=\"widget\" data-e-type=\"widget\" data-settings=\"{&quot;_animation&quot;:&quot;fadeInUp&quot;}\" data-widget_type=\"image.default\">\n\t\t\t\t<div class=\"elementor-widget-container\">\n\t\t\t\t\t\t\t\t\t\t\t\t\t\t\t<img fetchpriority=\"high\" decoding=\"async\" width=\"768\" height=\"543\" src=\"https:\/\/ondaflexproject.it\/wp-content\/uploads\/2024\/10\/targhe-ONDAFLEX-per-esterno-768x543.jpg\" class=\"attachment-medium_large size-medium_large wp-image-670\" alt=\"\" srcset=\"https:\/\/ondaflexproject.it\/wp-content\/uploads\/2024\/10\/targhe-ONDAFLEX-per-esterno-768x543.jpg 768w, https:\/\/ondaflexproject.it\/wp-content\/uploads\/2024\/10\/targhe-ONDAFLEX-per-esterno-300x212.jpg 300w, https:\/\/ondaflexproject.it\/wp-content\/uploads\/2024\/10\/targhe-ONDAFLEX-per-esterno-1024x724.jpg 1024w, https:\/\/ondaflexproject.it\/wp-content\/uploads\/2024\/10\/targhe-ONDAFLEX-per-esterno-18x12.jpg 18w, https:\/\/ondaflexproject.it\/wp-content\/uploads\/2024\/10\/targhe-ONDAFLEX-per-esterno.jpg 1169w\" sizes=\"(max-width: 768px) 100vw, 768px\" \/>\t\t\t\t\t\t\t\t\t\t\t\t\t\t\t<\/div>\n\t\t\t\t<\/div>\n\t\t\t\t\t<\/div>\n\t\t<\/div>\n\t\t\t\t\t<\/div>\n\t\t<\/section>\n\t\t\t\t<section class=\"elementor-section elementor-top-section elementor-element elementor-element-dc7d944 elementor-section-boxed elementor-section-height-default elementor-section-height-default\" data-id=\"dc7d944\" data-element_type=\"section\" data-e-type=\"section\" data-settings=\"{&quot;shape_divider_bottom&quot;:&quot;triangle-asymmetrical&quot;}\">\n\t\t\t\t\t<div class=\"elementor-shape elementor-shape-bottom\" aria-hidden=\"true\" data-negative=\"false\">\n\t\t\t<svg xmlns=\"http:\/\/www.w3.org\/2000\/svg\" viewbox=\"0 0 1000 100\" preserveaspectratio=\"none\">\n\t<path class=\"elementor-shape-fill\" d=\"M738,99l262-93V0H0v5.6L738,99z\"\/>\n<\/svg>\t\t<\/div>\n\t\t\t\t\t<div class=\"elementor-container elementor-column-gap-default\">\n\t\t\t\t\t<div class=\"elementor-column elementor-col-100 elementor-top-column elementor-element elementor-element-4243abb\" data-id=\"4243abb\" data-element_type=\"column\" data-e-type=\"column\">\n\t\t\t<div class=\"elementor-widget-wrap elementor-element-populated\">\n\t\t\t\t\t\t<div class=\"elementor-element elementor-element-58a8dd8 elementor-widget elementor-widget-spacer\" data-id=\"58a8dd8\" data-element_type=\"widget\" data-e-type=\"widget\" data-widget_type=\"spacer.default\">\n\t\t\t\t<div class=\"elementor-widget-container\">\n\t\t\t\t\t\t\t<div class=\"elementor-spacer\">\n\t\t\t<div class=\"elementor-spacer-inner\"><\/div>\n\t\t<\/div>\n\t\t\t\t\t\t<\/div>\n\t\t\t\t<\/div>\n\t\t\t\t\t<\/div>\n\t\t<\/div>\n\t\t\t\t\t<\/div>\n\t\t<\/section>\n\t\t\t\t<section class=\"elementor-section elementor-top-section elementor-element elementor-element-a4bcedd elementor-section-boxed elementor-section-height-default elementor-section-height-default\" data-id=\"a4bcedd\" data-element_type=\"section\" data-e-type=\"section\" data-settings=\"{&quot;background_background&quot;:&quot;classic&quot;}\">\n\t\t\t\t\t\t<div class=\"elementor-container elementor-column-gap-default\">\n\t\t\t\t\t<div class=\"elementor-column elementor-col-33 elementor-top-column elementor-element elementor-element-b4aa81c\" data-id=\"b4aa81c\" data-element_type=\"column\" data-e-type=\"column\">\n\t\t\t<div class=\"elementor-widget-wrap elementor-element-populated\">\n\t\t\t\t\t\t<div class=\"elementor-element elementor-element-b9c0e15 elementor-widget elementor-widget-heading\" data-id=\"b9c0e15\" data-element_type=\"widget\" data-e-type=\"widget\" data-widget_type=\"heading.default\">\n\t\t\t\t<div class=\"elementor-widget-container\">\n\t\t\t\t\t<h3 class=\"elementor-heading-title elementor-size-default\">Social<\/h3>\t\t\t\t<\/div>\n\t\t\t\t<\/div>\n\t\t\t\t<div class=\"elementor-element elementor-element-3604867 elementor-widget elementor-widget-text-editor\" data-id=\"3604867\" data-element_type=\"widget\" data-e-type=\"widget\" data-widget_type=\"text-editor.default\">\n\t\t\t\t<div class=\"elementor-widget-container\">\n\t\t\t\t\t\t\t\t\t<a href=\"https:\/\/www.facebook.com\/Ondaflex-105504701553751\"><i class=\"fab fa-facebook-f\" aria-hidden=\"true\"><\/i>\nFacebook<\/a>\n<br>\n<a href=\"https:\/\/www.instagram.com\/progettoondaflex\/\"><i class=\"fab fa-instagram\" aria-hidden=\"true\"><\/i>\nInstagram<\/a>\n<br>\n<a href=\"https:\/\/twitter.com\/Ondaflex1\"><i class=\"fab fa-twitter\" aria-hidden=\"true\"><\/i>\nTwitter<\/a>\n<br>\n<a href=\"https:\/\/www.youtube.com\/channel\/UCHJUcybWWmrGobfVlHiVuoQ\"><i class=\"fab fa-youtube\" aria-hidden=\"true\"><\/i>\nYoutube<\/a>\t\t\t\t\t\t\t\t<\/div>\n\t\t\t\t<\/div>\n\t\t\t\t\t<\/div>\n\t\t<\/div>\n\t\t\t\t<div class=\"elementor-column elementor-col-33 elementor-top-column elementor-element elementor-element-5cbce7a\" data-id=\"5cbce7a\" data-element_type=\"column\" data-e-type=\"column\">\n\t\t\t<div class=\"elementor-widget-wrap elementor-element-populated\">\n\t\t\t\t\t\t<div class=\"elementor-element elementor-element-b18689b elementor-widget elementor-widget-heading\" data-id=\"b18689b\" data-element_type=\"widget\" data-e-type=\"widget\" data-widget_type=\"heading.default\">\n\t\t\t\t<div class=\"elementor-widget-container\">\n\t\t\t\t\t<h3 class=\"elementor-heading-title elementor-size-default\">Chi siamo<\/h3>\t\t\t\t<\/div>\n\t\t\t\t<\/div>\n\t\t\t\t<div class=\"elementor-element elementor-element-3a37bba elementor-widget elementor-widget-text-editor\" data-id=\"3a37bba\" data-element_type=\"widget\" data-e-type=\"widget\" data-widget_type=\"text-editor.default\">\n\t\t\t\t<div class=\"elementor-widget-container\">\n\t\t\t\t\t\t\t\t\t<a href=\"https:\/\/ondaflexproject.it\/en\/associazione-temporanea-di-scopo\/\">Associazione Temporanea di Scopo<\/a>\n<br>\n<a href=\"https:\/\/ondaflexproject.it\/en\/team-di-ricerca\/\">Team di ricerca<\/a>\n<br>\n<a href=\"https:\/\/ondaflexproject.it\/en\/aziende-enti-coinvolti\/\">Aziende &amp; Enti coinvolti<\/a>\t\t\t\t\t\t\t\t<\/div>\n\t\t\t\t<\/div>\n\t\t\t\t\t<\/div>\n\t\t<\/div>\n\t\t\t\t<div class=\"elementor-column elementor-col-33 elementor-top-column elementor-element elementor-element-0d310d0\" data-id=\"0d310d0\" data-element_type=\"column\" data-e-type=\"column\">\n\t\t\t<div class=\"elementor-widget-wrap elementor-element-populated\">\n\t\t\t\t\t\t<div class=\"elementor-element elementor-element-f02f5d8 elementor-widget elementor-widget-heading\" data-id=\"f02f5d8\" data-element_type=\"widget\" data-e-type=\"widget\" data-widget_type=\"heading.default\">\n\t\t\t\t<div class=\"elementor-widget-container\">\n\t\t\t\t\t<h3 class=\"elementor-heading-title elementor-size-default\">Progetto<\/h3>\t\t\t\t<\/div>\n\t\t\t\t<\/div>\n\t\t\t\t<div class=\"elementor-element elementor-element-0326c3f elementor-widget elementor-widget-text-editor\" data-id=\"0326c3f\" data-element_type=\"widget\" data-e-type=\"widget\" data-widget_type=\"text-editor.default\">\n\t\t\t\t<div class=\"elementor-widget-container\">\n\t\t\t\t\t\t\t\t\t<a href=\"https:\/\/ondaflexproject.it\/en\/scheda-progetto\/\">Scheda progetto<\/a>\n<br>\n<a href=\"https:\/\/ondaflexproject.it\/en\/obiettivi-generali\/\">Obiettivi generali<\/a>\n<br>\n<a href=\"https:\/\/ondaflexproject.it\/en\/obiettivi-realizzativi\/\">Obiettivi realizzativi<\/a>\n<br>\n<a href=\"https:\/\/ondaflexproject.it\/en\/work-packages\/\">Work packages<\/a>\n<br>\n<a href=\"https:\/\/ondaflexproject.it\/en\/finalita\/\">Finalit\u00e0<\/a>\t\t\t\t\t\t\t\t<\/div>\n\t\t\t\t<\/div>\n\t\t\t\t\t<\/div>\n\t\t<\/div>\n\t\t\t\t\t<\/div>\n\t\t<\/section>\n\t\t\t\t<\/div>","protected":false},"excerpt":{"rendered":"<p>Ondaflex Generatore da moto ondoso per alimentare gli utilizzatori elettrici a bordo di un peschereccio Vedi di pi\u00f9 Scheda progetto Tutto ci\u00f2 che c&#8217;\u00e8 da sapere sul progetto Social Facebook Instagram Twitter Youtube Chi siamo Associazione Temporanea di Scopo Team di ricerca Aziende &amp; Enti coinvolti Progetto Scheda progetto Obiettivi generali Obiettivi realizzativi Work packages&hellip;&nbsp;<a href=\"https:\/\/ondaflexproject.it\/en\/scheda-progetto\/\" class=\"\" rel=\"bookmark\">Read More &raquo;<span class=\"screen-reader-text\">Scheda progetto<\/span><\/a><\/p>","protected":false},"author":1,"featured_media":0,"parent":0,"menu_order":0,"comment_status":"closed","ping_status":"closed","template":"page-templates\/template-pagebuilder-full-width.php","meta":{"neve_meta_sidebar":"","neve_meta_container":"","neve_meta_enable_content_width":"on","neve_meta_content_width":100,"neve_meta_title_alignment":"","neve_meta_author_avatar":"","neve_post_elements_order":"","neve_meta_disable_header":"","neve_meta_disable_footer":"","neve_meta_disable_title":"on","footnotes":""},"class_list":["post-24","page","type-page","status-publish","hentry"],"yoast_head":"<!-- This site is optimized with the Yoast SEO plugin v27.5 - https:\/\/yoast.com\/product\/yoast-seo-wordpress\/ -->\n<title>Scheda progetto - Ondaflex<\/title>\n<meta name=\"robots\" content=\"index, follow, max-snippet:-1, max-image-preview:large, max-video-preview:-1\" \/>\n<link rel=\"canonical\" href=\"https:\/\/ondaflexproject.it\/en\/scheda-progetto\/\" \/>\n<meta property=\"og:locale\" content=\"en_GB\" \/>\n<meta property=\"og:type\" content=\"article\" \/>\n<meta property=\"og:title\" content=\"Scheda progetto - Ondaflex\" \/>\n<meta property=\"og:description\" content=\"Ondaflex Generatore da moto ondoso per alimentare gli utilizzatori elettrici a bordo di un peschereccio Vedi di pi\u00f9 Scheda progetto Tutto ci\u00f2 che c&#8217;\u00e8 da sapere sul progetto Social Facebook Instagram Twitter Youtube Chi siamo Associazione Temporanea di Scopo Team di ricerca Aziende &amp; Enti coinvolti Progetto Scheda progetto Obiettivi generali Obiettivi realizzativi Work packages&hellip;&nbsp;Read More &raquo;Scheda progetto\" \/>\n<meta property=\"og:url\" content=\"https:\/\/ondaflexproject.it\/en\/scheda-progetto\/\" \/>\n<meta property=\"og:site_name\" content=\"Ondaflex\" \/>\n<meta property=\"article:modified_time\" content=\"2024-10-18T14:27:30+00:00\" \/>\n<meta property=\"og:image\" content=\"https:\/\/ondaflexproject.it\/wp-content\/uploads\/2024\/10\/targhe-ONDAFLEX-per-esterno.jpg\" \/>\n\t<meta property=\"og:image:width\" content=\"1169\" \/>\n\t<meta property=\"og:image:height\" content=\"826\" \/>\n\t<meta property=\"og:image:type\" content=\"image\/jpeg\" \/>\n<meta name=\"twitter:card\" content=\"summary_large_image\" \/>\n<meta name=\"twitter:label1\" content=\"Estimated reading time\" \/>\n\t<meta name=\"twitter:data1\" content=\"1 minute\" \/>\n<script type=\"application\/ld+json\" class=\"yoast-schema-graph\">{\"@context\":\"https:\\\/\\\/schema.org\",\"@graph\":[{\"@type\":\"WebPage\",\"@id\":\"https:\\\/\\\/ondaflexproject.it\\\/scheda-progetto\\\/\",\"url\":\"https:\\\/\\\/ondaflexproject.it\\\/scheda-progetto\\\/\",\"name\":\"Scheda progetto - Ondaflex\",\"isPartOf\":{\"@id\":\"https:\\\/\\\/ondaflexproject.it\\\/#website\"},\"primaryImageOfPage\":{\"@id\":\"https:\\\/\\\/ondaflexproject.it\\\/scheda-progetto\\\/#primaryimage\"},\"image\":{\"@id\":\"https:\\\/\\\/ondaflexproject.it\\\/scheda-progetto\\\/#primaryimage\"},\"thumbnailUrl\":\"https:\\\/\\\/ondaflexproject.it\\\/wp-content\\\/uploads\\\/2024\\\/10\\\/targhe-ONDAFLEX-per-esterno-768x543.jpg\",\"datePublished\":\"2021-02-09T09:05:07+00:00\",\"dateModified\":\"2024-10-18T14:27:30+00:00\",\"breadcrumb\":{\"@id\":\"https:\\\/\\\/ondaflexproject.it\\\/scheda-progetto\\\/#breadcrumb\"},\"inLanguage\":\"en-GB\",\"potentialAction\":[{\"@type\":\"ReadAction\",\"target\":[\"https:\\\/\\\/ondaflexproject.it\\\/scheda-progetto\\\/\"]}]},{\"@type\":\"ImageObject\",\"inLanguage\":\"en-GB\",\"@id\":\"https:\\\/\\\/ondaflexproject.it\\\/scheda-progetto\\\/#primaryimage\",\"url\":\"https:\\\/\\\/ondaflexproject.it\\\/wp-content\\\/uploads\\\/2024\\\/10\\\/targhe-ONDAFLEX-per-esterno-768x543.jpg\",\"contentUrl\":\"https:\\\/\\\/ondaflexproject.it\\\/wp-content\\\/uploads\\\/2024\\\/10\\\/targhe-ONDAFLEX-per-esterno-768x543.jpg\"},{\"@type\":\"BreadcrumbList\",\"@id\":\"https:\\\/\\\/ondaflexproject.it\\\/scheda-progetto\\\/#breadcrumb\",\"itemListElement\":[{\"@type\":\"ListItem\",\"position\":1,\"name\":\"Home\",\"item\":\"https:\\\/\\\/ondaflexproject.it\\\/\"},{\"@type\":\"ListItem\",\"position\":2,\"name\":\"Scheda progetto\"}]},{\"@type\":\"WebSite\",\"@id\":\"https:\\\/\\\/ondaflexproject.it\\\/#website\",\"url\":\"https:\\\/\\\/ondaflexproject.it\\\/\",\"name\":\"Ondaflex\",\"description\":\"\",\"publisher\":{\"@id\":\"https:\\\/\\\/ondaflexproject.it\\\/#organization\"},\"potentialAction\":[{\"@type\":\"SearchAction\",\"target\":{\"@type\":\"EntryPoint\",\"urlTemplate\":\"https:\\\/\\\/ondaflexproject.it\\\/?s={search_term_string}\"},\"query-input\":{\"@type\":\"PropertyValueSpecification\",\"valueRequired\":true,\"valueName\":\"search_term_string\"}}],\"inLanguage\":\"en-GB\"},{\"@type\":\"Organization\",\"@id\":\"https:\\\/\\\/ondaflexproject.it\\\/#organization\",\"name\":\"Ondaflex\",\"url\":\"https:\\\/\\\/ondaflexproject.it\\\/\",\"logo\":{\"@type\":\"ImageObject\",\"inLanguage\":\"en-GB\",\"@id\":\"https:\\\/\\\/ondaflexproject.it\\\/#\\\/schema\\\/logo\\\/image\\\/\",\"url\":\"https:\\\/\\\/ondaflexproject.it\\\/wp-content\\\/uploads\\\/2021\\\/02\\\/cropped-loghipng-1.png\",\"contentUrl\":\"https:\\\/\\\/ondaflexproject.it\\\/wp-content\\\/uploads\\\/2021\\\/02\\\/cropped-loghipng-1.png\",\"width\":11111,\"height\":1419,\"caption\":\"Ondaflex\"},\"image\":{\"@id\":\"https:\\\/\\\/ondaflexproject.it\\\/#\\\/schema\\\/logo\\\/image\\\/\"}}]}<\/script>\n<!-- \/ Yoast SEO plugin. -->","yoast_head_json":{"title":"Scheda progetto - Ondaflex","robots":{"index":"index","follow":"follow","max-snippet":"max-snippet:-1","max-image-preview":"max-image-preview:large","max-video-preview":"max-video-preview:-1"},"canonical":"https:\/\/ondaflexproject.it\/en\/scheda-progetto\/","og_locale":"en_GB","og_type":"article","og_title":"Scheda progetto - Ondaflex","og_description":"Ondaflex Generatore da moto ondoso per alimentare gli utilizzatori elettrici a bordo di un peschereccio Vedi di pi\u00f9 Scheda progetto Tutto ci\u00f2 che c&#8217;\u00e8 da sapere sul progetto Social Facebook Instagram Twitter Youtube Chi siamo Associazione Temporanea di Scopo Team di ricerca Aziende &amp; Enti coinvolti Progetto Scheda progetto Obiettivi generali Obiettivi realizzativi Work packages&hellip;&nbsp;Read More &raquo;Scheda progetto","og_url":"https:\/\/ondaflexproject.it\/en\/scheda-progetto\/","og_site_name":"Ondaflex","article_modified_time":"2024-10-18T14:27:30+00:00","og_image":[{"width":1169,"height":826,"url":"https:\/\/ondaflexproject.it\/wp-content\/uploads\/2024\/10\/targhe-ONDAFLEX-per-esterno.jpg","type":"image\/jpeg"}],"twitter_card":"summary_large_image","twitter_misc":{"Estimated reading time":"1 minute"},"schema":{"@context":"https:\/\/schema.org","@graph":[{"@type":"WebPage","@id":"https:\/\/ondaflexproject.it\/scheda-progetto\/","url":"https:\/\/ondaflexproject.it\/scheda-progetto\/","name":"Scheda progetto - Ondaflex","isPartOf":{"@id":"https:\/\/ondaflexproject.it\/#website"},"primaryImageOfPage":{"@id":"https:\/\/ondaflexproject.it\/scheda-progetto\/#primaryimage"},"image":{"@id":"https:\/\/ondaflexproject.it\/scheda-progetto\/#primaryimage"},"thumbnailUrl":"https:\/\/ondaflexproject.it\/wp-content\/uploads\/2024\/10\/targhe-ONDAFLEX-per-esterno-768x543.jpg","datePublished":"2021-02-09T09:05:07+00:00","dateModified":"2024-10-18T14:27:30+00:00","breadcrumb":{"@id":"https:\/\/ondaflexproject.it\/scheda-progetto\/#breadcrumb"},"inLanguage":"en-GB","potentialAction":[{"@type":"ReadAction","target":["https:\/\/ondaflexproject.it\/scheda-progetto\/"]}]},{"@type":"ImageObject","inLanguage":"en-GB","@id":"https:\/\/ondaflexproject.it\/scheda-progetto\/#primaryimage","url":"https:\/\/ondaflexproject.it\/wp-content\/uploads\/2024\/10\/targhe-ONDAFLEX-per-esterno-768x543.jpg","contentUrl":"https:\/\/ondaflexproject.it\/wp-content\/uploads\/2024\/10\/targhe-ONDAFLEX-per-esterno-768x543.jpg"},{"@type":"BreadcrumbList","@id":"https:\/\/ondaflexproject.it\/scheda-progetto\/#breadcrumb","itemListElement":[{"@type":"ListItem","position":1,"name":"Home","item":"https:\/\/ondaflexproject.it\/"},{"@type":"ListItem","position":2,"name":"Scheda progetto"}]},{"@type":"WebSite","@id":"https:\/\/ondaflexproject.it\/#website","url":"https:\/\/ondaflexproject.it\/","name":"Ondaflex","description":"","publisher":{"@id":"https:\/\/ondaflexproject.it\/#organization"},"potentialAction":[{"@type":"SearchAction","target":{"@type":"EntryPoint","urlTemplate":"https:\/\/ondaflexproject.it\/?s={search_term_string}"},"query-input":{"@type":"PropertyValueSpecification","valueRequired":true,"valueName":"search_term_string"}}],"inLanguage":"en-GB"},{"@type":"Organization","@id":"https:\/\/ondaflexproject.it\/#organization","name":"Ondaflex","url":"https:\/\/ondaflexproject.it\/","logo":{"@type":"ImageObject","inLanguage":"en-GB","@id":"https:\/\/ondaflexproject.it\/#\/schema\/logo\/image\/","url":"https:\/\/ondaflexproject.it\/wp-content\/uploads\/2021\/02\/cropped-loghipng-1.png","contentUrl":"https:\/\/ondaflexproject.it\/wp-content\/uploads\/2021\/02\/cropped-loghipng-1.png","width":11111,"height":1419,"caption":"Ondaflex"},"image":{"@id":"https:\/\/ondaflexproject.it\/#\/schema\/logo\/image\/"}}]}},"_links":{"self":[{"href":"https:\/\/ondaflexproject.it\/en\/wp-json\/wp\/v2\/pages\/24","targetHints":{"allow":["GET"]}}],"collection":[{"href":"https:\/\/ondaflexproject.it\/en\/wp-json\/wp\/v2\/pages"}],"about":[{"href":"https:\/\/ondaflexproject.it\/en\/wp-json\/wp\/v2\/types\/page"}],"author":[{"embeddable":true,"href":"https:\/\/ondaflexproject.it\/en\/wp-json\/wp\/v2\/users\/1"}],"replies":[{"embeddable":true,"href":"https:\/\/ondaflexproject.it\/en\/wp-json\/wp\/v2\/comments?post=24"}],"version-history":[{"count":20,"href":"https:\/\/ondaflexproject.it\/en\/wp-json\/wp\/v2\/pages\/24\/revisions"}],"predecessor-version":[{"id":676,"href":"https:\/\/ondaflexproject.it\/en\/wp-json\/wp\/v2\/pages\/24\/revisions\/676"}],"wp:attachment":[{"href":"https:\/\/ondaflexproject.it\/en\/wp-json\/wp\/v2\/media?parent=24"}],"curies":[{"name":"wp","href":"https:\/\/api.w.org\/{rel}","templated":true}]}}